{"id":83,"date":"2013-12-10T03:33:56","date_gmt":"2013-12-10T06:33:56","guid":{"rendered":"https:\/\/ucegamers.com.br\/site2023\/?page_id=83"},"modified":"2016-06-01T16:23:32","modified_gmt":"2016-06-01T19:23:32","slug":"sobre","status":"publish","type":"page","link":"https:\/\/ucegamers.com.br\/site2023\/sobre\/","title":{"rendered":"Sobre"},"content":{"rendered":"<p style=\"text-align: center;\"><img decoding=\"async\" loading=\"lazy\" class=\"alignnone size-full wp-image-9236\" src=\"https:\/\/ucegamers.com.br\/site2023\/wp-content\/uploads\/2015\/09\/IMG_1709.jpg\" alt=\"IMG_1709\" width=\"1000\" height=\"700\" \/><\/p>\n<p><strong>A UNI\u00c3O CEARENSE DE GAMERS (UCEG)<\/strong><\/p>\n<p>Entidade criada por gamers para gamers em maio de 2012.<\/p>\n<p><strong>O que \u00e9 a UCEG?<\/strong><br \/>\nA Uni\u00e3o Cearense de Gamers (UCEG) \u00e9 uma entidade que foi criada com o princ\u00edpio de representar e buscar organizar os grupos gamers, acompanhar o com\u00e9rcio dos jogos eletr\u00f4nicos e incentivar culturalmente a \u00e1rea dos games do nosso estado.<\/p>\n<p>Entre os prop\u00f3sitos da UCEG est\u00e3o:<\/p>\n<ul>\n<li>Disseminar a ideia de que jogos eletr\u00f4nicos n\u00e3o s\u00e3o somente uma brincadeira<\/li>\n<li><span style=\"font-weight: 400;\">Facilitar a discuss\u00e3o sobre o papel dos jogos como meio de incentivo a cultura, aux\u00edlio \u00e0 educa\u00e7\u00e3o e desenvolvimento do indiv\u00edduo<\/span><\/li>\n<li>Promover a inclus\u00e3o digital por meio da cultura ligada \u00e0 tecnologia dos games<\/li>\n<li>Estimular\u00a0a solidariedade entre os diferentes segmentos sociais, grupos e entidades ligadas aos games, a participa\u00e7\u00e3o em conjunto de atividades civis que visem o bem comum<\/li>\n<li>Incentivar o aperfei\u00e7oamento t\u00e9cnico e profissional dos afiliados e o incentivo \u00e0 produ\u00e7\u00e3o e desenvolvimento de games no Cear\u00e1.<\/li>\n<\/ul>\n<p><strong>As a\u00e7\u00f5es da UCEG:<\/strong><\/p>\n<p>Apoiamos e participamos de eventos, al\u00e9m de realizar a\u00e7\u00f5es sociais e eventos pr\u00f3prios<\/p>\n<p><strong>A\u00e7\u00f5es Sociais: <\/strong><\/p>\n<div id=\"attachment_9229\" style=\"width: 970px\" class=\"wp-caption alignnone\"><img aria-describedby=\"caption-attachment-9229\" decoding=\"async\" loading=\"lazy\" class=\"wp-image-9229 size-full\" src=\"https:\/\/ucegamers.com.br\/site2023\/wp-content\/uploads\/2015\/09\/943370_313148455485275_2078474433_n.jpg\" alt=\"943370_313148455485275_2078474433_n\" width=\"960\" height=\"720\" srcset=\"https:\/\/ucegamers.com.br\/site2023\/wp-content\/uploads\/2015\/09\/943370_313148455485275_2078474433_n.jpg 960w, https:\/\/ucegamers.com.br\/site2023\/wp-content\/uploads\/2015\/09\/943370_313148455485275_2078474433_n-300x225.jpg 300w, https:\/\/ucegamers.com.br\/site2023\/wp-content\/uploads\/2015\/09\/943370_313148455485275_2078474433_n-400x300.jpg 400w, https:\/\/ucegamers.com.br\/site2023\/wp-content\/uploads\/2015\/09\/943370_313148455485275_2078474433_n-640x480.jpg 640w, https:\/\/ucegamers.com.br\/site2023\/wp-content\/uploads\/2015\/09\/943370_313148455485275_2078474433_n-624x468.jpg 624w\" sizes=\"(max-width: 960px) 100vw, 960px\" \/><p id=\"caption-attachment-9229\" class=\"wp-caption-text\">Lar Domingos S\u00e1vio<\/p><\/div>\n<div id=\"attachment_9231\" style=\"width: 970px\" class=\"wp-caption alignnone\"><img aria-describedby=\"caption-attachment-9231\" decoding=\"async\" loading=\"lazy\" class=\"wp-image-9231 size-full\" src=\"https:\/\/ucegamers.com.br\/site2023\/wp-content\/uploads\/2015\/09\/1384196_377788849021235_129802654_n.jpg\" alt=\"1384196_377788849021235_129802654_n\" width=\"960\" height=\"540\" srcset=\"https:\/\/ucegamers.com.br\/site2023\/wp-content\/uploads\/2015\/09\/1384196_377788849021235_129802654_n.jpg 960w, https:\/\/ucegamers.com.br\/site2023\/wp-content\/uploads\/2015\/09\/1384196_377788849021235_129802654_n-300x169.jpg 300w, https:\/\/ucegamers.com.br\/site2023\/wp-content\/uploads\/2015\/09\/1384196_377788849021235_129802654_n-500x281.jpg 500w, https:\/\/ucegamers.com.br\/site2023\/wp-content\/uploads\/2015\/09\/1384196_377788849021235_129802654_n-624x351.jpg 624w\" sizes=\"(max-width: 960px) 100vw, 960px\" \/><p id=\"caption-attachment-9231\" class=\"wp-caption-text\">Lar Amigos de Jesus<\/p><\/div>\n<div id=\"attachment_9239\" style=\"width: 970px\" class=\"wp-caption alignnone\"><img aria-describedby=\"caption-attachment-9239\" decoding=\"async\" loading=\"lazy\" class=\"wp-image-9239 size-full\" src=\"https:\/\/ucegamers.com.br\/site2023\/wp-content\/uploads\/2013\/12\/11665718_687691958030921_8874735443051622871_n.jpg\" alt=\"11665718_687691958030921_8874735443051622871_n\" width=\"960\" height=\"640\" srcset=\"https:\/\/ucegamers.com.br\/site2023\/wp-content\/uploads\/2013\/12\/11665718_687691958030921_8874735443051622871_n.jpg 960w, https:\/\/ucegamers.com.br\/site2023\/wp-content\/uploads\/2013\/12\/11665718_687691958030921_8874735443051622871_n-300x200.jpg 300w, https:\/\/ucegamers.com.br\/site2023\/wp-content\/uploads\/2013\/12\/11665718_687691958030921_8874735443051622871_n-450x300.jpg 450w, https:\/\/ucegamers.com.br\/site2023\/wp-content\/uploads\/2013\/12\/11665718_687691958030921_8874735443051622871_n-624x416.jpg 624w\" sizes=\"(max-width: 960px) 100vw, 960px\" \/><p id=\"caption-attachment-9239\" class=\"wp-caption-text\">Hemoce &#8211; Ser Gamer est\u00e1 no Sangue<\/p><\/div>\n<div id=\"attachment_9228\" style=\"width: 970px\" class=\"wp-caption alignnone\"><img aria-describedby=\"caption-attachment-9228\" decoding=\"async\" loading=\"lazy\" class=\"wp-image-9228 size-full\" src=\"https:\/\/ucegamers.com.br\/site2023\/wp-content\/uploads\/2015\/09\/550816_239932266140228_620900859_n.jpg\" alt=\"550816_239932266140228_620900859_n\" width=\"960\" height=\"720\" srcset=\"https:\/\/ucegamers.com.br\/site2023\/wp-content\/uploads\/2015\/09\/550816_239932266140228_620900859_n.jpg 960w, https:\/\/ucegamers.com.br\/site2023\/wp-content\/uploads\/2015\/09\/550816_239932266140228_620900859_n-300x225.jpg 300w, https:\/\/ucegamers.com.br\/site2023\/wp-content\/uploads\/2015\/09\/550816_239932266140228_620900859_n-400x300.jpg 400w, https:\/\/ucegamers.com.br\/site2023\/wp-content\/uploads\/2015\/09\/550816_239932266140228_620900859_n-640x480.jpg 640w, https:\/\/ucegamers.com.br\/site2023\/wp-content\/uploads\/2015\/09\/550816_239932266140228_620900859_n-624x468.jpg 624w\" sizes=\"(max-width: 960px) 100vw, 960px\" \/><p id=\"caption-attachment-9228\" class=\"wp-caption-text\">Natal Gamer Solid\u00e1rio<\/p><\/div>\n<p><strong>Eventos:<\/strong><\/p>\n<div id=\"attachment_9234\" style=\"width: 970px\" class=\"wp-caption alignnone\"><img aria-describedby=\"caption-attachment-9234\" decoding=\"async\" loading=\"lazy\" class=\"wp-image-9234 size-full\" src=\"https:\/\/ucegamers.com.br\/site2023\/wp-content\/uploads\/2015\/09\/10922544_592233087576809_8596936286177598144_n.jpg\" alt=\"10922544_592233087576809_8596936286177598144_n\" width=\"960\" height=\"638\" srcset=\"https:\/\/ucegamers.com.br\/site2023\/wp-content\/uploads\/2015\/09\/10922544_592233087576809_8596936286177598144_n.jpg 960w, https:\/\/ucegamers.com.br\/site2023\/wp-content\/uploads\/2015\/09\/10922544_592233087576809_8596936286177598144_n-300x199.jpg 300w, https:\/\/ucegamers.com.br\/site2023\/wp-content\/uploads\/2015\/09\/10922544_592233087576809_8596936286177598144_n-451x300.jpg 451w, https:\/\/ucegamers.com.br\/site2023\/wp-content\/uploads\/2015\/09\/10922544_592233087576809_8596936286177598144_n-624x415.jpg 624w\" sizes=\"(max-width: 960px) 100vw, 960px\" \/><p id=\"caption-attachment-9234\" class=\"wp-caption-text\">EducaJogos<\/p><\/div>\n<div id=\"attachment_9233\" style=\"width: 970px\" class=\"wp-caption alignnone\"><a href=\"https:\/\/ucegamers.com.br\/site2023\/wp-content\/uploads\/2015\/09\/10606512_523335421133243_1679132442993189849_n.jpg\"><img aria-describedby=\"caption-attachment-9233\" decoding=\"async\" loading=\"lazy\" class=\"wp-image-9233 size-full\" src=\"https:\/\/ucegamers.com.br\/site2023\/wp-content\/uploads\/2015\/09\/10606512_523335421133243_1679132442993189849_n.jpg\" alt=\"10606512_523335421133243_1679132442993189849_n\" width=\"960\" height=\"638\" srcset=\"https:\/\/ucegamers.com.br\/site2023\/wp-content\/uploads\/2015\/09\/10606512_523335421133243_1679132442993189849_n.jpg 960w, https:\/\/ucegamers.com.br\/site2023\/wp-content\/uploads\/2015\/09\/10606512_523335421133243_1679132442993189849_n-300x199.jpg 300w, https:\/\/ucegamers.com.br\/site2023\/wp-content\/uploads\/2015\/09\/10606512_523335421133243_1679132442993189849_n-451x300.jpg 451w, https:\/\/ucegamers.com.br\/site2023\/wp-content\/uploads\/2015\/09\/10606512_523335421133243_1679132442993189849_n-624x415.jpg 624w\" sizes=\"(max-width: 960px) 100vw, 960px\" \/><\/a><p id=\"caption-attachment-9233\" class=\"wp-caption-text\">InfoBrasil 2013 e 2014<\/p><\/div>\n<p><iframe loading=\"lazy\" src=\"https:\/\/www.youtube.com\/embed\/ZCM1w17kX0E\" width=\"1000\" height=\"400\" frameborder=\"0\" allowfullscreen=\"allowfullscreen\"><\/iframe><\/p>\n<p><iframe loading=\"lazy\" src=\"https:\/\/www.youtube.com\/embed\/lEaT4-qyzZQ\" width=\"1000\" height=\"400\" frameborder=\"0\" allowfullscreen=\"allowfullscreen\"><\/iframe><\/p>\n<p><iframe loading=\"lazy\" src=\"https:\/\/www.youtube.com\/embed\/s8_6jgB-_Vo\" width=\"1000\" height=\"400\" frameborder=\"0\" allowfullscreen=\"allowfullscreen\"><\/iframe><\/p>\n<hr \/>\n<p><strong>Para ver outros eventos e atividades confira nossa redes sociais:<\/strong><\/p>\n<p class=\"western\"><a href=\"https:\/\/www.facebook.com\/UCEGamers\" target=\"_blank\"><img decoding=\"async\" loading=\"lazy\" class=\"alignnone wp-image-8148\" src=\"https:\/\/ucegamers.com.br\/site2023\/wp-content\/uploads\/2015\/08\/facebboik-social-icon-45x45.png\" alt=\"facebboik-social-icon-45x45\" width=\"34\" height=\"34\" \/><\/a>\u00a0\u00a0<a href=\"https:\/\/twitter.com\/ucegamers\" target=\"_blank\"><img decoding=\"async\" loading=\"lazy\" class=\"alignnone wp-image-8144\" src=\"https:\/\/ucegamers.com.br\/site2023\/wp-content\/uploads\/2015\/08\/twitter_icon_simple.png\" alt=\"twitter_icon_simple\" width=\"35\" height=\"35\" \/><\/a>\u00a0 <a href=\"https:\/\/www.youtube.com\/user\/tvuceg\" target=\"_blank\"><img decoding=\"async\" loading=\"lazy\" class=\"alignnone wp-image-8172\" src=\"https:\/\/ucegamers.com.br\/site2023\/wp-content\/uploads\/2015\/08\/64x64-youtube.png\" alt=\"64x64-youtube\" width=\"35\" height=\"35\" \/><\/a>\u00a0 <a href=\"https:\/\/instagram.com\/ucegamers\/\" target=\"_blank\"><img decoding=\"async\" loading=\"lazy\" class=\"alignnone wp-image-8281\" src=\"https:\/\/ucegamers.com.br\/site2023\/wp-content\/uploads\/2015\/07\/instagram40x40.png\" alt=\"instagram40x40\" width=\"35\" height=\"35\" \/><\/a>\u00a0\u00a0<a href=\"http:\/\/alvanista.com\/ucegamers\" target=\"_blank\"><img decoding=\"async\" loading=\"lazy\" class=\"alignnone wp-image-8147\" src=\"https:\/\/ucegamers.com.br\/site2023\/wp-content\/uploads\/2015\/08\/medium.png\" alt=\"medium\" width=\"35\" height=\"35\" \/><\/a><\/p>\n<hr \/>\n<p><strong>Programa\u00e7\u00e3o do Site<\/strong><\/p>\n<p style=\"text-align: left;\"><strong>Domingo:<\/strong><\/p>\n<ul>\n<li><strong>Coluna:<\/strong> Momento Retr\u00f4 (Semanal)<\/li>\n<li><strong>Not\u00edcias<\/strong><\/li>\n<\/ul>\n<p><strong>Segunda:<\/strong><\/p>\n<ul>\n<li><strong>Coluna:<\/strong> Mobilezando (Semanal)<\/li>\n<li><strong>Not\u00edcias<\/strong><\/li>\n<\/ul>\n<p><strong>Ter\u00e7a:<\/strong><\/p>\n<ul>\n<li><strong>Coluna:<\/strong> Vem Pra Mesa (Quinzenal)<\/li>\n<li><strong>Not\u00edcias<\/strong><\/li>\n<\/ul>\n<p><strong>Quarta:<\/strong><\/p>\n<ul>\n<li><strong>Coluna:\u00a0<\/strong>Game Vibe (Quinzenal)<\/li>\n<li><strong>Podcast:<\/strong> Quebrando o Controle (Quinzenal)<\/li>\n<li><strong>Not\u00edcias<\/strong><\/li>\n<\/ul>\n<p><strong>Quinta:<\/strong><\/p>\n<ul>\n<li><strong>Coluna:<\/strong> Ponto de Fuga (Quinzenal)<\/li>\n<li><strong>Not\u00edcias<\/strong><\/li>\n<\/ul>\n<p><strong>Sexta:<\/strong><\/p>\n<ul>\n<li><strong>Colunas:<\/strong>\u00a0Ideias em Jogo (Quinzenal)<\/li>\n<li><strong>Not\u00edcias<\/strong><\/li>\n<\/ul>\n<p><strong>S\u00e1bado:<\/strong><\/p>\n<ul>\n<li><strong>Not\u00edcias<\/strong><\/li>\n<\/ul>\n","protected":false},"excerpt":{"rendered":"<p>A UNI\u00c3O CEARENSE DE GAMERS (UCEG) Entidade criada por gamers para gamers em maio de 2012. O que \u00e9 a&hellip;<\/p>\n","protected":false},"author":1,"featured_media":0,"parent":0,"menu_order":0,"comment_status":"open","ping_status":"open","template":"","meta":{"ngg_post_thumbnail":0},"_links":{"self":[{"href":"https:\/\/ucegamers.com.br\/site2023\/wp-json\/wp\/v2\/pages\/83"}],"collection":[{"href":"https:\/\/ucegamers.com.br\/site2023\/wp-json\/wp\/v2\/pages"}],"about":[{"href":"https:\/\/ucegamers.com.br\/site2023\/wp-json\/wp\/v2\/types\/page"}],"author":[{"embeddable":true,"href":"https:\/\/ucegamers.com.br\/site2023\/wp-json\/wp\/v2\/users\/1"}],"replies":[{"embeddable":true,"href":"https:\/\/ucegamers.com.br\/site2023\/wp-json\/wp\/v2\/comments?post=83"}],"version-history":[{"count":18,"href":"https:\/\/ucegamers.com.br\/site2023\/wp-json\/wp\/v2\/pages\/83\/revisions"}],"predecessor-version":[{"id":13017,"href":"https:\/\/ucegamers.com.br\/site2023\/wp-json\/wp\/v2\/pages\/83\/revisions\/13017"}],"wp:attachment":[{"href":"https:\/\/ucegamers.com.br\/site2023\/wp-json\/wp\/v2\/media?parent=83"}],"curies":[{"name":"wp","href":"https:\/\/api.w.org\/{rel}","templated":true}]}}