{"id":41187,"date":"2023-05-29T17:20:06","date_gmt":"2023-05-29T20:20:06","guid":{"rendered":"https:\/\/ucegamers.com.br\/site2023\/?page_id=41187"},"modified":"2023-05-30T15:45:32","modified_gmt":"2023-05-30T18:45:32","slug":"masters-championship-2022","status":"publish","type":"page","link":"https:\/\/ucegamers.com.br\/site2023\/masters-championship-2022\/","title":{"rendered":"&#8212;&#8211; UCEG Masters Championship 2022 &#8212;&#8211;"},"content":{"rendered":"\n<hr class=\"wp-block-separator has-css-opacity is-style-wide\"\/>\n\n\n\n<p>Em 2019 a Uni\u00e3o Cearense de Gamers (UCEG) inicia a <strong>LIGA MASTERS CHAMPIONSHIPS<\/strong> com a proposta de ter e promover o cen\u00e1rio de E-SPORTS no estado do Cear\u00e1. Desde sua cria\u00e7\u00e3o em 2012 a UCEG promoveu e apoiou muitos campeonatos, inclusive de grande porte em nosso estado. Era mais do que a hora de haver uma iniciativa que congregasse e possibilitasse mais campeonatos para nossos players.<br>Nesta p\u00e1gina listaremos o HIST\u00d3RICO, bem como nosso RANKING OFICIAL dos campeonatos realizados com nossos campe\u00f5es.<br>#UnidosSomosGamers #SejaUmMasterDaUCEG #MastersChampionship<\/p>\n\n\n\n<hr class=\"wp-block-separator has-css-opacity is-style-wide\"\/>\n\n\n\n<h2>RANKING OFICIAL 2022<\/h2>\n\n\n\n<hr class=\"wp-block-separator has-css-opacity is-style-wide\"\/>\n\n\n\n<h3><strong>FEIRA DO CONHECIMENTO &#8211; CAMPEONATO DE VALORANT<\/strong> &#8211; NOVEMBRO 2022<\/h3>\n\n\n\n<figure class=\"wp-block-image size-large\"><a href=\"https:\/\/ucegamers.com.br\/site2023\/wp-content\/uploads\/2022\/11\/image.png\"><img decoding=\"async\" loading=\"lazy\" width=\"1024\" height=\"117\" src=\"https:\/\/ucegamers.com.br\/site2023\/wp-content\/uploads\/2022\/11\/image-1024x117.png\" alt=\"\" class=\"wp-image-34395\" srcset=\"https:\/\/ucegamers.com.br\/site2023\/wp-content\/uploads\/2022\/11\/image-1024x117.png 1024w, https:\/\/ucegamers.com.br\/site2023\/wp-content\/uploads\/2022\/11\/image-300x34.png 300w, https:\/\/ucegamers.com.br\/site2023\/wp-content\/uploads\/2022\/11\/image-768x88.png 768w, https:\/\/ucegamers.com.br\/site2023\/wp-content\/uploads\/2022\/11\/image-500x57.png 500w, https:\/\/ucegamers.com.br\/site2023\/wp-content\/uploads\/2022\/11\/image.png 1191w\" sizes=\"(max-width: 1024px) 100vw, 1024px\" \/><\/a><\/figure>\n\n\n\n<p><a href=\"https:\/\/challonge.com\/pt_BR\/lza7j4dc\" target=\"_blank\" rel=\"noreferrer noopener\">Clique para mais resultados deste campeonato<\/a><br>Veja os campe\u00f5es aqui<\/p>\n\n\n\n<h3><strong>FEIRA DO CONHECIMENTO &#8211; CAMPEONATO DE LEAGUE OF LEGENDS<\/strong> &#8211; NOVEMBRO 2022<\/h3>\n\n\n\n<figure class=\"wp-block-image size-large\"><a href=\"https:\/\/ucegamers.com.br\/site2023\/wp-content\/uploads\/2022\/11\/image-1.png\"><img decoding=\"async\" loading=\"lazy\" width=\"1024\" height=\"109\" src=\"https:\/\/ucegamers.com.br\/site2023\/wp-content\/uploads\/2022\/11\/image-1-1024x109.png\" alt=\"\" class=\"wp-image-34396\" srcset=\"https:\/\/ucegamers.com.br\/site2023\/wp-content\/uploads\/2022\/11\/image-1-1024x109.png 1024w, https:\/\/ucegamers.com.br\/site2023\/wp-content\/uploads\/2022\/11\/image-1-300x32.png 300w, https:\/\/ucegamers.com.br\/site2023\/wp-content\/uploads\/2022\/11\/image-1-768x82.png 768w, https:\/\/ucegamers.com.br\/site2023\/wp-content\/uploads\/2022\/11\/image-1-500x53.png 500w, https:\/\/ucegamers.com.br\/site2023\/wp-content\/uploads\/2022\/11\/image-1.png 1192w\" sizes=\"(max-width: 1024px) 100vw, 1024px\" \/><\/a><\/figure>\n\n\n\n<p><a href=\"https:\/\/challonge.com\/pt_BR\/lza7j4dc\" target=\"_blank\" rel=\"noreferrer noopener\">Clique para mais resultados deste campeonato<\/a><br>Veja os campe\u00f5es aqui<\/p>\n\n\n\n<h3><strong>FEIRA DO CONHECIMENTO &#8211; CAMPEONATO MULTIVERSUS<\/strong> &#8211; NOVEMBRO 2022<\/h3>\n\n\n\n<figure class=\"wp-block-image size-large\"><a href=\"https:\/\/ucegamers.com.br\/site2023\/wp-content\/uploads\/2022\/11\/image-3.png\"><img decoding=\"async\" loading=\"lazy\" width=\"1024\" height=\"105\" src=\"https:\/\/ucegamers.com.br\/site2023\/wp-content\/uploads\/2022\/11\/image-3-1024x105.png\" alt=\"\" class=\"wp-image-34745\" srcset=\"https:\/\/ucegamers.com.br\/site2023\/wp-content\/uploads\/2022\/11\/image-3-1024x105.png 1024w, https:\/\/ucegamers.com.br\/site2023\/wp-content\/uploads\/2022\/11\/image-3-300x31.png 300w, https:\/\/ucegamers.com.br\/site2023\/wp-content\/uploads\/2022\/11\/image-3-768x79.png 768w, https:\/\/ucegamers.com.br\/site2023\/wp-content\/uploads\/2022\/11\/image-3-500x51.png 500w, https:\/\/ucegamers.com.br\/site2023\/wp-content\/uploads\/2022\/11\/image-3.png 1191w\" sizes=\"(max-width: 1024px) 100vw, 1024px\" \/><\/a><\/figure>\n\n\n\n<p><a href=\"https:\/\/challonge.com\/pt_BR\/y9kv4idk\" target=\"_blank\" rel=\"noreferrer noopener\">Clique para mais resultados deste campeonato<\/a><br>Veja os campe\u00f5es aqui<\/p>\n\n\n\n<h3><strong>FEIRA DO CONHECIMENTO &#8211; CAMPEONATO DE LEAGUE OF LEGENDS<\/strong> &#8211; NOVEMBRO 2022<\/h3>\n\n\n\n<figure class=\"wp-block-image size-large\"><a href=\"https:\/\/ucegamers.com.br\/site2023\/wp-content\/uploads\/2022\/11\/image-2.png\"><img decoding=\"async\" loading=\"lazy\" width=\"1024\" height=\"118\" src=\"https:\/\/ucegamers.com.br\/site2023\/wp-content\/uploads\/2022\/11\/image-2-1024x118.png\" alt=\"\" class=\"wp-image-34399\" srcset=\"https:\/\/ucegamers.com.br\/site2023\/wp-content\/uploads\/2022\/11\/image-2-1024x118.png 1024w, https:\/\/ucegamers.com.br\/site2023\/wp-content\/uploads\/2022\/11\/image-2-300x34.png 300w, https:\/\/ucegamers.com.br\/site2023\/wp-content\/uploads\/2022\/11\/image-2-768x88.png 768w, https:\/\/ucegamers.com.br\/site2023\/wp-content\/uploads\/2022\/11\/image-2-500x57.png 500w, https:\/\/ucegamers.com.br\/site2023\/wp-content\/uploads\/2022\/11\/image-2.png 1192w\" sizes=\"(max-width: 1024px) 100vw, 1024px\" \/><\/a><\/figure>\n\n\n\n<p><a href=\"https:\/\/challonge.com\/pt_BR\/r4dqepxe\" target=\"_blank\" rel=\"noreferrer noopener\">Clique para mais resultados deste campeonato<\/a><br>Veja os campe\u00f5es aqui<\/p>\n\n\n\n<h3><strong><strong>STREET FIGHTER V<\/strong> &#8211; MASTERS STAGE 1 &#8211; SETEMBRO DE 2022<\/strong><\/h3>\n\n\n\n<figure class=\"wp-block-image size-large\"><a href=\"https:\/\/ucegamers.com.br\/site2023\/wp-content\/uploads\/2022\/09\/rankMastersKoF.jpg\"><img decoding=\"async\" loading=\"lazy\" width=\"1024\" height=\"131\" src=\"https:\/\/ucegamers.com.br\/site2023\/wp-content\/uploads\/2022\/09\/rankMastersKoF-1024x131.jpg\" alt=\"\" class=\"wp-image-33451\" srcset=\"https:\/\/ucegamers.com.br\/site2023\/wp-content\/uploads\/2022\/09\/rankMastersKoF-1024x131.jpg 1024w, https:\/\/ucegamers.com.br\/site2023\/wp-content\/uploads\/2022\/09\/rankMastersKoF-300x38.jpg 300w, https:\/\/ucegamers.com.br\/site2023\/wp-content\/uploads\/2022\/09\/rankMastersKoF-768x98.jpg 768w, https:\/\/ucegamers.com.br\/site2023\/wp-content\/uploads\/2022\/09\/rankMastersKoF-500x64.jpg 500w, https:\/\/ucegamers.com.br\/site2023\/wp-content\/uploads\/2022\/09\/rankMastersKoF-1536x197.jpg 1536w, https:\/\/ucegamers.com.br\/site2023\/wp-content\/uploads\/2022\/09\/rankMastersKoF.jpg 1575w\" sizes=\"(max-width: 1024px) 100vw, 1024px\" \/><\/a><\/figure>\n\n\n\n<p><a href=\"https:\/\/challonge.com\/pt_BR\/deg2mpeg\" target=\"_blank\" rel=\"noreferrer noopener\">Clique para mais resultados deste campeonato<\/a><br><a href=\"https:\/\/www.instagram.com\/p\/CjAqucdDNVM\/\" target=\"_blank\" rel=\"noreferrer noopener\">Veja os campe\u00f5es aqui<\/a><\/p>\n\n\n\n<h3><strong>THE KING OF FIGHTERS \u2013 MASTERS STAGE 1 \u2013 SETEMBRO DE 2022<\/strong><\/h3>\n\n\n\n<figure class=\"wp-block-image size-large\"><a href=\"https:\/\/ucegamers.com.br\/site2023\/wp-content\/uploads\/2022\/09\/rankMastersKoF-2.jpg\"><img decoding=\"async\" loading=\"lazy\" width=\"1024\" height=\"152\" src=\"https:\/\/ucegamers.com.br\/site2023\/wp-content\/uploads\/2022\/09\/rankMastersKoF-2-1024x152.jpg\" alt=\"\" class=\"wp-image-33474\" srcset=\"https:\/\/ucegamers.com.br\/site2023\/wp-content\/uploads\/2022\/09\/rankMastersKoF-2-1024x152.jpg 1024w, https:\/\/ucegamers.com.br\/site2023\/wp-content\/uploads\/2022\/09\/rankMastersKoF-2-300x44.jpg 300w, https:\/\/ucegamers.com.br\/site2023\/wp-content\/uploads\/2022\/09\/rankMastersKoF-2-768x114.jpg 768w, https:\/\/ucegamers.com.br\/site2023\/wp-content\/uploads\/2022\/09\/rankMastersKoF-2-500x74.jpg 500w, https:\/\/ucegamers.com.br\/site2023\/wp-content\/uploads\/2022\/09\/rankMastersKoF-2-1536x228.jpg 1536w, https:\/\/ucegamers.com.br\/site2023\/wp-content\/uploads\/2022\/09\/rankMastersKoF-2.jpg 1573w\" sizes=\"(max-width: 1024px) 100vw, 1024px\" \/><\/a><\/figure>\n\n\n\n<p><a href=\"https:\/\/challonge.com\/pt_BR\/cqwec0e1\" target=\"_blank\" rel=\"noreferrer noopener\">Clique para mais resultados deste campeonato<\/a><br><a rel=\"noreferrer noopener\" href=\"https:\/\/www.instagram.com\/p\/CjArml6LDrp\/\" target=\"_blank\">Veja os campe\u00f5es aqui<\/a><br><\/p>\n\n\n\n<h3><strong>SUPER SMASH BROS ULTIMATE \u2013 MASTERS STAGE 1 \u2013 SETEMBRO DE 2022<\/strong><\/h3>\n\n\n\n<figure class=\"wp-block-image size-large\"><a href=\"https:\/\/ucegamers.com.br\/site2023\/wp-content\/uploads\/2022\/09\/rankMastersSmashjpg-1.jpg\"><img decoding=\"async\" loading=\"lazy\" width=\"1024\" height=\"128\" src=\"https:\/\/ucegamers.com.br\/site2023\/wp-content\/uploads\/2022\/09\/rankMastersSmashjpg-1-1024x128.jpg\" alt=\"\" class=\"wp-image-33476\" srcset=\"https:\/\/ucegamers.com.br\/site2023\/wp-content\/uploads\/2022\/09\/rankMastersSmashjpg-1-1024x128.jpg 1024w, https:\/\/ucegamers.com.br\/site2023\/wp-content\/uploads\/2022\/09\/rankMastersSmashjpg-1-300x38.jpg 300w, https:\/\/ucegamers.com.br\/site2023\/wp-content\/uploads\/2022\/09\/rankMastersSmashjpg-1-768x96.jpg 768w, https:\/\/ucegamers.com.br\/site2023\/wp-content\/uploads\/2022\/09\/rankMastersSmashjpg-1-500x63.jpg 500w, https:\/\/ucegamers.com.br\/site2023\/wp-content\/uploads\/2022\/09\/rankMastersSmashjpg-1-1536x192.jpg 1536w, https:\/\/ucegamers.com.br\/site2023\/wp-content\/uploads\/2022\/09\/rankMastersSmashjpg-1.jpg 1568w\" sizes=\"(max-width: 1024px) 100vw, 1024px\" \/><\/a><\/figure>\n\n\n\n<p><\/p>\n\n\n\n<p><a href=\"https:\/\/challonge.com\/pt_BR\/c5q30cmv\" target=\"_blank\" rel=\"noreferrer noopener\">Clique para mais resultados deste campeonato<\/a><br><a href=\"https:\/\/www.instagram.com\/p\/CjApl_upL1f\/\" target=\"_blank\" rel=\"noreferrer noopener\">Veja os campe\u00f5es aqui<\/a><\/p>\n\n\n\n<!--more-->\n\n\n\n<h2>EVENTOS REALIZADOS<\/h2>\n\n\n\n<hr class=\"wp-block-separator has-css-opacity is-style-wide\"\/>\n\n\n\n<h3>UCEG MASTERS &#8211; FIGHTING &#8211; 26 de novembro de 2022<\/h3>\n\n\n\n<figure class=\"wp-block-image size-large\"><a href=\"https:\/\/ucegamers.com.br\/site2023\/wp-content\/uploads\/2022\/11\/Banner-topo-Masters-3.png\"><img decoding=\"async\" loading=\"lazy\" width=\"1024\" height=\"536\" src=\"https:\/\/ucegamers.com.br\/site2023\/wp-content\/uploads\/2022\/11\/Banner-topo-Masters-3-1024x536.png\" alt=\"\" class=\"wp-image-34744\" srcset=\"https:\/\/ucegamers.com.br\/site2023\/wp-content\/uploads\/2022\/11\/Banner-topo-Masters-3-1024x536.png 1024w, https:\/\/ucegamers.com.br\/site2023\/wp-content\/uploads\/2022\/11\/Banner-topo-Masters-3-300x157.png 300w, https:\/\/ucegamers.com.br\/site2023\/wp-content\/uploads\/2022\/11\/Banner-topo-Masters-3-768x402.png 768w, https:\/\/ucegamers.com.br\/site2023\/wp-content\/uploads\/2022\/11\/Banner-topo-Masters-3-500x262.png 500w, https:\/\/ucegamers.com.br\/site2023\/wp-content\/uploads\/2022\/11\/Banner-topo-Masters-3-1536x804.png 1536w, https:\/\/ucegamers.com.br\/site2023\/wp-content\/uploads\/2022\/11\/Banner-topo-Masters-3.png 1600w\" sizes=\"(max-width: 1024px) 100vw, 1024px\" \/><\/a><figcaption class=\"wp-element-caption\"><strong>EVENTO ADIADO!<\/strong> Em breve nova data <br>Veja nota oficial informativa <a rel=\"noreferrer noopener\" href=\"https:\/\/www.instagram.com\/p\/ClWEuuqO6rV\/\" target=\"_blank\">aqui<\/a>.<\/figcaption><\/figure>\n\n\n\n<h3>UCEG MASTERS &#8211; CONEX\u00c3O UNIFAMETRO &#8211; 9, 10 e 11 de novembro de 2022<\/h3>\n\n\n\n<figure class=\"wp-block-image size-large\"><a href=\"https:\/\/ucegamers.com.br\/site2023\/wp-content\/uploads\/2022\/11\/Banner-topo-Masters-Conexao.png\"><img decoding=\"async\" loading=\"lazy\" width=\"1024\" height=\"536\" src=\"https:\/\/ucegamers.com.br\/site2023\/wp-content\/uploads\/2022\/11\/Banner-topo-Masters-Conexao-1024x536.png\" alt=\"\" class=\"wp-image-34391\" srcset=\"https:\/\/ucegamers.com.br\/site2023\/wp-content\/uploads\/2022\/11\/Banner-topo-Masters-Conexao-1024x536.png 1024w, https:\/\/ucegamers.com.br\/site2023\/wp-content\/uploads\/2022\/11\/Banner-topo-Masters-Conexao-300x157.png 300w, https:\/\/ucegamers.com.br\/site2023\/wp-content\/uploads\/2022\/11\/Banner-topo-Masters-Conexao-768x402.png 768w, https:\/\/ucegamers.com.br\/site2023\/wp-content\/uploads\/2022\/11\/Banner-topo-Masters-Conexao-500x262.png 500w, https:\/\/ucegamers.com.br\/site2023\/wp-content\/uploads\/2022\/11\/Banner-topo-Masters-Conexao-1536x804.png 1536w, https:\/\/ucegamers.com.br\/site2023\/wp-content\/uploads\/2022\/11\/Banner-topo-Masters-Conexao.png 1600w\" sizes=\"(max-width: 1024px) 100vw, 1024px\" \/><\/a><\/figure>\n\n\n\n<h3>UCEG MASTERS &#8211; FEIRA DO CONHECIMENTO &#8211; 3, 4 e 5 de novembro de 2022<\/h3>\n\n\n\n<figure class=\"wp-block-image size-large\"><a href=\"https:\/\/ucegamers.com.br\/site2023\/wp-content\/uploads\/2022\/11\/Banner-topo-Masters-Dance-1.png\"><img decoding=\"async\" loading=\"lazy\" width=\"1024\" height=\"536\" src=\"https:\/\/ucegamers.com.br\/site2023\/wp-content\/uploads\/2022\/11\/Banner-topo-Masters-Dance-1-1024x536.png\" alt=\"\" class=\"wp-image-34346\" srcset=\"https:\/\/ucegamers.com.br\/site2023\/wp-content\/uploads\/2022\/11\/Banner-topo-Masters-Dance-1-1024x536.png 1024w, https:\/\/ucegamers.com.br\/site2023\/wp-content\/uploads\/2022\/11\/Banner-topo-Masters-Dance-1-300x157.png 300w, https:\/\/ucegamers.com.br\/site2023\/wp-content\/uploads\/2022\/11\/Banner-topo-Masters-Dance-1-768x402.png 768w, https:\/\/ucegamers.com.br\/site2023\/wp-content\/uploads\/2022\/11\/Banner-topo-Masters-Dance-1-500x262.png 500w, https:\/\/ucegamers.com.br\/site2023\/wp-content\/uploads\/2022\/11\/Banner-topo-Masters-Dance-1-1536x804.png 1536w, https:\/\/ucegamers.com.br\/site2023\/wp-content\/uploads\/2022\/11\/Banner-topo-Masters-Dance-1.png 1600w\" sizes=\"(max-width: 1024px) 100vw, 1024px\" \/><\/a><\/figure>\n\n\n\n<p><strong>Resultado dos Campeonatos:<\/strong><br><\/p>\n\n\n\n<h3>UCEG MASTERS &#8211; DANCE &#8211; 29 de outubro de 2022<\/h3>\n\n\n\n<figure class=\"wp-block-image size-large\"><a href=\"https:\/\/ucegamers.com.br\/site2023\/wp-content\/uploads\/2022\/10\/Banner-topo-Masters-Dance.png\"><img decoding=\"async\" loading=\"lazy\" width=\"1024\" height=\"536\" src=\"https:\/\/ucegamers.com.br\/site2023\/wp-content\/uploads\/2022\/10\/Banner-topo-Masters-Dance-1024x536.png\" alt=\"\" class=\"wp-image-34122\" srcset=\"https:\/\/ucegamers.com.br\/site2023\/wp-content\/uploads\/2022\/10\/Banner-topo-Masters-Dance-1024x536.png 1024w, https:\/\/ucegamers.com.br\/site2023\/wp-content\/uploads\/2022\/10\/Banner-topo-Masters-Dance-300x157.png 300w, https:\/\/ucegamers.com.br\/site2023\/wp-content\/uploads\/2022\/10\/Banner-topo-Masters-Dance-768x402.png 768w, https:\/\/ucegamers.com.br\/site2023\/wp-content\/uploads\/2022\/10\/Banner-topo-Masters-Dance-500x262.png 500w, https:\/\/ucegamers.com.br\/site2023\/wp-content\/uploads\/2022\/10\/Banner-topo-Masters-Dance-1536x804.png 1536w, https:\/\/ucegamers.com.br\/site2023\/wp-content\/uploads\/2022\/10\/Banner-topo-Masters-Dance.png 1600w\" sizes=\"(max-width: 1024px) 100vw, 1024px\" \/><\/a><\/figure>\n\n\n\n<h3>UCEG MASTERS &#8211; FIGHTING &#8211; 24 de setembro de 2022<\/h3>\n\n\n<div class=\"wp-block-image size-large\">\n<figure class=\"aligncenter\"><a href=\"https:\/\/ucegamers.com.br\/site2023\/wp-content\/uploads\/2022\/09\/Banner-topo-Masters.png\"><img decoding=\"async\" loading=\"lazy\" width=\"1024\" height=\"536\" src=\"https:\/\/ucegamers.com.br\/site2023\/wp-content\/uploads\/2022\/09\/Banner-topo-Masters-1024x536.png\" alt=\"\" class=\"wp-image-33186\" srcset=\"https:\/\/ucegamers.com.br\/site2023\/wp-content\/uploads\/2022\/09\/Banner-topo-Masters-1024x536.png 1024w, https:\/\/ucegamers.com.br\/site2023\/wp-content\/uploads\/2022\/09\/Banner-topo-Masters-300x157.png 300w, https:\/\/ucegamers.com.br\/site2023\/wp-content\/uploads\/2022\/09\/Banner-topo-Masters-768x402.png 768w, https:\/\/ucegamers.com.br\/site2023\/wp-content\/uploads\/2022\/09\/Banner-topo-Masters-500x262.png 500w, https:\/\/ucegamers.com.br\/site2023\/wp-content\/uploads\/2022\/09\/Banner-topo-Masters-1536x804.png 1536w, https:\/\/ucegamers.com.br\/site2023\/wp-content\/uploads\/2022\/09\/Banner-topo-Masters.png 1600w\" sizes=\"(max-width: 1024px) 100vw, 1024px\" \/><\/a><\/figure><\/div>\n\n\n<h2>&#8212;&#8211; UCEG Masters Championship 2019 &#8212;&#8211;<\/h2>\n\n\n\n<hr class=\"wp-block-separator has-alpha-channel-opacity\"\/>\n\n\n\n<h3>UCEG MASTERS &#8211; FIGHTING &#8211; 30 de novembro de 2019<\/h3>\n\n\n\n<h3><a href=\"https:\/\/ucegamers.com.br\/site2023\/wp-content\/uploads\/2019\/10\/Masters-Fightingv4.jpg\"><img decoding=\"async\" loading=\"lazy\" class=\"aligncenter size-large wp-image-17946\" src=\"https:\/\/ucegamers.com.br\/site2023\/wp-content\/uploads\/2019\/10\/Masters-Fightingv4-1024x576.jpg\" alt=\"Masters-Fightingv4\" width=\"1024\" height=\"576\" srcset=\"https:\/\/ucegamers.com.br\/site2023\/wp-content\/uploads\/2019\/10\/Masters-Fightingv4-1024x576.jpg 1024w, https:\/\/ucegamers.com.br\/site2023\/wp-content\/uploads\/2019\/10\/Masters-Fightingv4-300x169.jpg 300w, https:\/\/ucegamers.com.br\/site2023\/wp-content\/uploads\/2019\/10\/Masters-Fightingv4-500x281.jpg 500w, https:\/\/ucegamers.com.br\/site2023\/wp-content\/uploads\/2019\/10\/Masters-Fightingv4-624x351.jpg 624w, https:\/\/ucegamers.com.br\/site2023\/wp-content\/uploads\/2019\/10\/Masters-Fightingv4.jpg 1920w\" sizes=\"(max-width: 1024px) 100vw, 1024px\" \/><\/a><\/h3>\n\n\n\n<h3>&nbsp;<\/h3>\n\n\n\n<h3>UCEG MASTERS RACING &#8211;&nbsp; 21 de Setembro de 2019<\/h3>\n\n\n<div class=\"wp-block-image\">\n<figure class=\"aligncenter\"><a href=\"https:\/\/ucegamers.com.br\/site2023\/wp-content\/uploads\/2019\/10\/Topo-Masters.png\"><img decoding=\"async\" loading=\"lazy\" width=\"820\" height=\"428\" src=\"https:\/\/ucegamers.com.br\/site2023\/wp-content\/uploads\/2019\/10\/Topo-Masters.png\" alt=\"Topo Masters\" class=\"wp-image-17944\" srcset=\"https:\/\/ucegamers.com.br\/site2023\/wp-content\/uploads\/2019\/10\/Topo-Masters.png 820w, https:\/\/ucegamers.com.br\/site2023\/wp-content\/uploads\/2019\/10\/Topo-Masters-300x157.png 300w, https:\/\/ucegamers.com.br\/site2023\/wp-content\/uploads\/2019\/10\/Topo-Masters-500x261.png 500w, https:\/\/ucegamers.com.br\/site2023\/wp-content\/uploads\/2019\/10\/Topo-Masters-624x326.png 624w\" sizes=\"(max-width: 820px) 100vw, 820px\" \/><\/a><\/figure><\/div>\n\n\n<h3>UCEG SNES MASTERS &#8211;&nbsp; 06 de&nbsp; Julho de 2019<\/h3>\n\n\n<div class=\"wp-block-image\">\n<figure class=\"aligncenter\"><a href=\"https:\/\/ucegamers.com.br\/site2023\/wp-content\/uploads\/2019\/10\/SNES-MASTERS-2-LAYOUT-FACEBOOK-2.jpg\"><img decoding=\"async\" loading=\"lazy\" width=\"1024\" height=\"439\" src=\"https:\/\/ucegamers.com.br\/site2023\/wp-content\/uploads\/2019\/10\/SNES-MASTERS-2-LAYOUT-FACEBOOK-2-1024x439.jpg\" alt=\"SNES MASTERS 2 LAYOUT FACEBOOK 2\" class=\"wp-image-17947\" srcset=\"https:\/\/ucegamers.com.br\/site2023\/wp-content\/uploads\/2019\/10\/SNES-MASTERS-2-LAYOUT-FACEBOOK-2-1024x439.jpg 1024w, https:\/\/ucegamers.com.br\/site2023\/wp-content\/uploads\/2019\/10\/SNES-MASTERS-2-LAYOUT-FACEBOOK-2-300x129.jpg 300w, https:\/\/ucegamers.com.br\/site2023\/wp-content\/uploads\/2019\/10\/SNES-MASTERS-2-LAYOUT-FACEBOOK-2-500x214.jpg 500w, https:\/\/ucegamers.com.br\/site2023\/wp-content\/uploads\/2019\/10\/SNES-MASTERS-2-LAYOUT-FACEBOOK-2-624x267.jpg 624w\" sizes=\"(max-width: 1024px) 100vw, 1024px\" \/><\/a><\/figure><\/div>\n\n\n<hr class=\"wp-block-separator has-css-opacity is-style-wide\"\/>\n\n\n\n<p class=\"has-text-align-center\">2022\u00a9 MASTERS CHAMPIONSHIPS UCEG <br>Todos os direitos reservados <br>&lt; &#8212;- P\u00e1gina sempre ser\u00e1 atualizada &#8212;- &gt;<\/p>\n\n\n\n<p><\/p>\n","protected":false},"excerpt":{"rendered":"<p>Em 2019 a Uni\u00e3o Cearense de Gamers (UCEG) inicia a LIGA MASTERS CHAMPIONSHIPS com a proposta de ter e promover&hellip;<\/p>\n","protected":false},"author":2,"featured_media":17943,"parent":0,"menu_order":0,"comment_status":"closed","ping_status":"closed","template":"","meta":{"ngg_post_thumbnail":0},"_links":{"self":[{"href":"https:\/\/ucegamers.com.br\/site2023\/wp-json\/wp\/v2\/pages\/41187"}],"collection":[{"href":"https:\/\/ucegamers.com.br\/site2023\/wp-json\/wp\/v2\/pages"}],"about":[{"href":"https:\/\/ucegamers.com.br\/site2023\/wp-json\/wp\/v2\/types\/page"}],"author":[{"embeddable":true,"href":"https:\/\/ucegamers.com.br\/site2023\/wp-json\/wp\/v2\/users\/2"}],"replies":[{"embeddable":true,"href":"https:\/\/ucegamers.com.br\/site2023\/wp-json\/wp\/v2\/comments?post=41187"}],"version-history":[{"count":3,"href":"https:\/\/ucegamers.com.br\/site2023\/wp-json\/wp\/v2\/pages\/41187\/revisions"}],"predecessor-version":[{"id":41197,"href":"https:\/\/ucegamers.com.br\/site2023\/wp-json\/wp\/v2\/pages\/41187\/revisions\/41197"}],"wp:featuredmedia":[{"embeddable":true,"href":"https:\/\/ucegamers.com.br\/site2023\/wp-json\/wp\/v2\/media\/17943"}],"wp:attachment":[{"href":"https:\/\/ucegamers.com.br\/site2023\/wp-json\/wp\/v2\/media?parent=41187"}],"curies":[{"name":"wp","href":"https:\/\/api.w.org\/{rel}","templated":true}]}}