{"id":152,"date":"2021-05-18T01:54:43","date_gmt":"2021-05-18T01:54:43","guid":{"rendered":"https:\/\/ucegamers.com.br\/novo\/about\/"},"modified":"2024-11-05T11:58:15","modified_gmt":"2024-11-05T11:58:15","slug":"about","status":"publish","type":"page","link":"https:\/\/ucegamers.com.br\/novo\/about\/","title":{"rendered":"Quem somos"},"content":{"rendered":"\t\t<div data-elementor-type=\"wp-page\" data-elementor-id=\"152\" class=\"elementor elementor-152\">\n\t\t\t\t\t\t\t<div class=\"elementor-element elementor-element-1eb47ac5 e-flex e-con-boxed e-con e-parent\" data-id=\"1eb47ac5\" data-element_type=\"container\" data-settings=\"{&quot;content_width&quot;:&quot;boxed&quot;}\" data-core-v316-plus=\"true\">\n\t\t\t\t\t<div class=\"e-con-inner\">\n\t\t\t\t<div class=\"elementor-element elementor-element-4496ebd0 elementor-widget elementor-widget-text-editor\" data-id=\"4496ebd0\" data-element_type=\"widget\" data-widget_type=\"text-editor.default\">\n\t\t\t\t<div class=\"elementor-widget-container\">\n\t\t\t<style>\/*! elementor - v3.18.0 - 20-12-2023 *\/\n.elementor-widget-text-editor.elementor-drop-cap-view-stacked .elementor-drop-cap{background-color:#69727d;color:#fff}.elementor-widget-text-editor.elementor-drop-cap-view-framed .elementor-drop-cap{color:#69727d;border:3px solid;background-color:transparent}.elementor-widget-text-editor:not(.elementor-drop-cap-view-default) .elementor-drop-cap{margin-top:8px}.elementor-widget-text-editor:not(.elementor-drop-cap-view-default) .elementor-drop-cap-letter{width:1em;height:1em}.elementor-widget-text-editor .elementor-drop-cap{float:left;text-align:center;line-height:1;font-size:50px}.elementor-widget-text-editor .elementor-drop-cap-letter{display:inline-block}<\/style>\t\t\t\t<h1><span style=\"color: var(--ast-global-color-2); font-size: 3.5rem; font-style: inherit; text-align: var(--text-align);\">Uni\u00e3o Cearense de Gamers<\/span><\/h1><h5 style=\"font-style: normal;\"><span style=\"color: var(--ast-global-color-2); font-size: 1.125rem; font-style: inherit; text-align: var(--text-align);\">Apresenta\u00e7\u00e3o<\/span><\/h5><p>Apresenta\u00e7\u00e3o<br \/>A Uni\u00e3o Cearense de Gamers \u2013 UCEG, entidade genuinamente cearense, \u00e9 focada no desenvolvimento da cultura de jogos digitais e anal\u00f3gicos no \u00e2mbito do Estado do Cear\u00e1. Realizamos eventos, inclusive de car\u00e1ter social, em todo o Cear\u00e1, em especial em Fortaleza, sempre contando com ampla divulga\u00e7\u00e3o e reconhecimento do p\u00fablico de jogadores e entusiastas locais. <br \/>Surgimos a partir de um grupo de amigos, que se reuniam em uma pra\u00e7a em Fortaleza, para trocar jogos e bater papo sobre games. Ao longo do tempo, ganhamos corpo e passamos a realizar pequenos eventos, em ambientes p\u00fablico e privados. Eventos gratuitos e pagos, em voo solo e ao lado de parceiros, mas sempre tratando do que mais amamos: jogos! Sejam eles eletr\u00f4nicos ou anal\u00f3gicos.<br \/>A partir da\u00ed, surgiram grupos em redes sociais, site e nossos horizontes foram aumentando. N\u00f3s, curiosos e empreendedores que somos, fomos desbravar o que se apresentava aos nossos olhos e hoje podemos dizer que a UCEG \u00e9 reconhecida em todo o Brasil pelo trabalho desempenhado.<br \/>E com essa expans\u00e3o, resolvemos segmentar nossa \u00e1rea de m\u00eddias, o Quebrando o Controle, que passa a ter uma identidade pr\u00f3pria. E esse \u00e9 s\u00f3 mais um passo em nossa caminhada.<br \/>Conhe\u00e7a um pouco mais sobre n\u00f3s!<\/p><h5><span style=\"font-size: 18px;\">Nossos os prop\u00f3sitos<\/span><\/h5><ul><li>Disseminar a ideia de que jogos eletr\u00f4nicos n\u00e3o s\u00e3o somente uma brincadeira;<\/li><li>Facilitar a discuss\u00e3o sobre o papel dos jogos como meio de incentivo a cultura, aux\u00edlio \u00e0 educa\u00e7\u00e3o e desenvolvimento do indiv\u00edduo;<\/li><li>Promover a inclus\u00e3o digital por meio da cultura ligada \u00e0 tecnologia dos games;<\/li><li>Estimular a solidariedade entre os diferentes segmentos sociais, grupos e entidades ligadas aos games, a participa\u00e7\u00e3o em conjunto de atividades civis que visem o bem comum;<\/li><li>Incentivar o aperfei\u00e7oamento t\u00e9cnico e profissional dos afiliados e o incentivo \u00e0 produ\u00e7\u00e3o e desenvolvimento de games no Cear\u00e1.<\/li><\/ul><h6>Nossos valores<\/h6><ul><li>Respeito ao P\u00fablico, Parceiros e Colaboradores;\u00a0<\/li><li>Excel\u00eancia na presta\u00e7\u00e3o dos servi\u00e7os; promo\u00e7\u00e3o da Inclus\u00e3o Digital, em especial de comunidades carentes, com o uso da tecnologia e elementos l\u00fadicos dos jogos e universos correlatos, potencializando a Educa\u00e7\u00e3o;\u00a0<\/li><li>Promo\u00e7\u00e3o de Oportunidades para Cidad\u00e3os em Condi\u00e7\u00f5es de Fragilidade Social, por meio dos jogos e universos correlatos;\u00a0<\/li><li>Potencializar a plena acessibilidade e desenvolvimento social e educacional de portadores de necessidades especiais por meio dos jogos e universos correlatos;\u00a0<\/li><li>Promover e Disseminar a Cultura de Jogos e Universos Correlatos, buscando, inclusive, a integra\u00e7\u00e3o com outras linguagens art\u00edsticas;\u00a0<\/li><li>\u00a0Criatividade;\u00a0<\/li><li>\u00a0Empreendedorismo;\u00a0<\/li><li>\u00a0Inova\u00e7\u00e3o.\u00a0<\/li><\/ul><div>\u00a0<\/div><h6>Nossa miss\u00e3o<\/h6><p>Ser refer\u00eancia nacional no segmento da cultura de jogos anal\u00f3gicos e digitais, atrav\u00e9s da representa\u00e7\u00e3o grupos de jogadores, com\u00e9rcio, educa\u00e7\u00e3o e apoio aos desenvolvedores, potencializando a transdisciplinaridade dos jogos em benef\u00edcio da sociedade, tendo em vista que a for\u00e7a l\u00fadica de comunica\u00e7\u00e3o dos jogos para diversas ci\u00eancias e setores do mercado.<br \/><br \/><strong>Nossa Diretoria<\/strong><\/p><p>Izequiel Nor\u00f5es \u2013 Diretor Presidente<\/p><p>M\u00e1rio Coelho Bessa \u2013 Vice-Presidente<\/p><p>Daniel Gomes \u2013 Diretor de M\u00eddias<\/p><p>Vicente Queiroz \u2013 Diretor Comercial<\/p><p>J\u00falio C\u00e9sar (vulgo Je\u00fa Krieger) \u2013 Diretor de Rela\u00e7\u00f5es Internas<\/p><p>Hon\u00f3rio Martins \u2013 Diretor de Eventos<\/p><p>Franklin \u2013 Diretor de e-Sports<\/p>\t\t\t\t\t\t<\/div>\n\t\t\t\t<\/div>\n\t\t\t\t\t<\/div>\n\t\t\t\t<\/div>\n\t\t<div class=\"elementor-element elementor-element-da55c03 e-flex e-con-boxed e-con e-parent\" data-id=\"da55c03\" data-element_type=\"container\" data-settings=\"{&quot;content_width&quot;:&quot;boxed&quot;}\" data-core-v316-plus=\"true\">\n\t\t\t\t\t<div class=\"e-con-inner\">\n\t\t\t\t<div class=\"elementor-element elementor-element-637f8ca elementor-widget elementor-widget-heading\" data-id=\"637f8ca\" data-element_type=\"widget\" data-widget_type=\"heading.default\">\n\t\t\t\t<div class=\"elementor-widget-container\">\n\t\t\t<style>\/*! elementor - v3.18.0 - 20-12-2023 *\/\n.elementor-heading-title{padding:0;margin:0;line-height:1}.elementor-widget-heading .elementor-heading-title[class*=elementor-size-]>a{color:inherit;font-size:inherit;line-height:inherit}.elementor-widget-heading .elementor-heading-title.elementor-size-small{font-size:15px}.elementor-widget-heading .elementor-heading-title.elementor-size-medium{font-size:19px}.elementor-widget-heading .elementor-heading-title.elementor-size-large{font-size:29px}.elementor-widget-heading .elementor-heading-title.elementor-size-xl{font-size:39px}.elementor-widget-heading .elementor-heading-title.elementor-size-xxl{font-size:59px}<\/style><h2 class=\"elementor-heading-title elementor-size-default\">Adicione aqui o texto do seu t\u00edtulo<\/h2>\t\t<\/div>\n\t\t\t\t<\/div>\n\t\t\t\t\t<\/div>\n\t\t\t\t<\/div>\n\t\t\t\t\t\t\t<\/div>\n\t\t","protected":false},"excerpt":{"rendered":"<p>Uni\u00e3o Cearense de Gamers Apresenta\u00e7\u00e3o Apresenta\u00e7\u00e3oA Uni\u00e3o Cearense de Gamers \u2013 UCEG, entidade genuinamente cearense, \u00e9 focada no desenvolvimento da cultura de jogos digitais e anal\u00f3gicos no \u00e2mbito do Estado do Cear\u00e1. Realizamos eventos, inclusive de car\u00e1ter social, em todo o Cear\u00e1, em especial em Fortaleza, sempre contando com ampla divulga\u00e7\u00e3o e reconhecimento do p\u00fablico &hellip;<\/p>\n<p class=\"read-more\"> <a class=\"\" href=\"https:\/\/ucegamers.com.br\/novo\/about\/\"> <span class=\"screen-reader-text\">Quem somos<\/span> Read More &raquo;<\/a><\/p>\n","protected":false},"author":1,"featured_media":0,"parent":0,"menu_order":0,"comment_status":"closed","ping_status":"closed","template":"","meta":{"site-sidebar-layout":"no-sidebar","site-content-layout":"page-builder","ast-site-content-layout":"","site-content-style":"default","site-sidebar-style":"default","ast-global-header-display":"","ast-banner-title-visibility":"","ast-main-header-display":"","ast-hfb-above-header-display":"","ast-hfb-below-header-display":"","ast-hfb-mobile-header-display":"","site-post-title":"disabled","ast-breadcrumbs-content":"disabled","ast-featured-img":"disabled","footer-sml-layout":"","theme-transparent-header-meta":"default","adv-header-id-meta":"","stick-header-meta":"","header-above-stick-meta":"","header-main-stick-meta":"","header-below-stick-meta":"","astra-migrate-meta-layouts":"default","ast-page-background-enabled":"default","ast-page-background-meta":{"desktop":{"background-color":"","background-image":"","background-repeat":"repeat","background-position":"center center","background-size":"auto","background-attachment":"scroll","background-type":"","background-media":"","overlay-type":"","overlay-color":"","overlay-gradient":""},"tablet":{"background-color":"","background-image":"","background-repeat":"repeat","background-position":"center center","background-size":"auto","background-attachment":"scroll","background-type":"","background-media":"","overlay-type":"","overlay-color":"","overlay-gradient":""},"mobile":{"background-color":"","background-image":"","background-repeat":"repeat","background-position":"center center","background-size":"auto","background-attachment":"scroll","background-type":"","background-media":"","overlay-type":"","overlay-color":"","overlay-gradient":""}},"ast-content-background-meta":{"desktop":{"background-color":"var(--ast-global-color-5)","background-image":"","background-repeat":"repeat","background-position":"center center","background-size":"auto","background-attachment":"scroll","background-type":"","background-media":"","overlay-type":"","overlay-color":"","overlay-gradient":""},"tablet":{"background-color":"var(--ast-global-color-5)","background-image":"","background-repeat":"repeat","background-position":"center center","background-size":"auto","background-attachment":"scroll","background-type":"","background-media":"","overlay-type":"","overlay-color":"","overlay-gradient":""},"mobile":{"background-color":"var(--ast-global-color-5)","background-image":"","background-repeat":"repeat","background-position":"center center","background-size":"auto","background-attachment":"scroll","background-type":"","background-media":"","overlay-type":"","overlay-color":"","overlay-gradient":""}},"footnotes":""},"class_list":["post-152","page","type-page","status-publish","hentry"],"_links":{"self":[{"href":"https:\/\/ucegamers.com.br\/novo\/wp-json\/wp\/v2\/pages\/152","targetHints":{"allow":["GET"]}}],"collection":[{"href":"https:\/\/ucegamers.com.br\/novo\/wp-json\/wp\/v2\/pages"}],"about":[{"href":"https:\/\/ucegamers.com.br\/novo\/wp-json\/wp\/v2\/types\/page"}],"author":[{"embeddable":true,"href":"https:\/\/ucegamers.com.br\/novo\/wp-json\/wp\/v2\/users\/1"}],"replies":[{"embeddable":true,"href":"https:\/\/ucegamers.com.br\/novo\/wp-json\/wp\/v2\/comments?post=152"}],"version-history":[{"count":6,"href":"https:\/\/ucegamers.com.br\/novo\/wp-json\/wp\/v2\/pages\/152\/revisions"}],"predecessor-version":[{"id":1138,"href":"https:\/\/ucegamers.com.br\/novo\/wp-json\/wp\/v2\/pages\/152\/revisions\/1138"}],"wp:attachment":[{"href":"https:\/\/ucegamers.com.br\/novo\/wp-json\/wp\/v2\/media?parent=152"}],"curies":[{"name":"wp","href":"https:\/\/api.w.org\/{rel}","templated":true}]}}